{"id":4363,"date":"2025-04-28T11:05:59","date_gmt":"2025-04-28T09:05:59","guid":{"rendered":"https:\/\/muziejus.visitpasvalys.lt\/?page_id=4363"},"modified":"2025-04-29T08:01:31","modified_gmt":"2025-04-29T06:01:31","slug":"vaiku-zaidimu-kambarys","status":"publish","type":"page","link":"https:\/\/muziejus.visitpasvalys.lt\/en\/vaiku-zaidimu-kambarys\/","title":{"rendered":"Vaik\u0173 \u017eaidim\u0173 kambarys"},"content":{"rendered":"\n<h2>\u201eMe\u0161kiuko Rudnosiuko trobel\u0117\u201c<\/h2>\n\n\n\n<p>Ar pamenate nuotaiking\u0105, jaukumo ir verting\u0173 pamok\u0173 kupin\u0105 kra\u0161tie\u010dio Bernardo Brazd\u017eionio, vaikams \u017einomo Vyt\u0117s Nemun\u0117lio slapyvard\u017eiu, poem\u0105 \u201eMe\u0161kiukas Rudnosiukas\u201c? Vieniems ji sukelia brangius vaikyst\u0117s prisiminimus, kitiems vis dar yra skaitomiausia knygel\u0117. Nevert\u0117t\u0173 nusiminti ir negird\u0117jusiems gra\u017eiosios me\u0161kin\u0173 Rudnosi\u0173 \u0161eimos istorijos. J\u0105 tikrai i\u0161girs kiekvienas apsilank\u0119s muziejuje veikian\u010diame vaik\u0173 \u017eaidim\u0173 kambaryje \u201eMe\u0161kiuko Rudnosiuko trobel\u0117\u201c.<\/p>\n\n\n\n<p>Ma\u017eiesiems muziejaus lankytojams atvykus \u012f vaik\u0173 \u017eaidim\u0173 kambar\u012f \u201eMe\u0161kiuko Rudnosiuko trobel\u0117\u201c li\u016bdna tikrai nebus!<\/p>\n\n\n\n<ul>\n<li>\u010cia bus galima pie\u0161ti kreidel\u0117mis ant sienoje \u201eaugan\u010di\u0173\u201c mi\u0161ko eglu\u010di\u0173, \u017eaisti \u012fvairius stalo, k\u016brybinius ir lavinamuosius \u017eaidimus, skaityti ir spalvinti knygutes, kurti rankdarbius, \u012fsijausti \u012f gydytoj\u0173 ar meistr\u0173 vaidmen\u012f.<\/li>\n<\/ul>\n\n\n\n<ul>\n<li>Kambaryje vaik\u0173 d\u0117mes\u012f tikrai prikaustys gars\u0173 pa\u017einimo staliukas-kelmas, ant kurio u\u017ed\u0117jus magi\u0161kas medines kalad\u0117les pasigirs mi\u0161ko gyv\u016bn\u0173, pauk\u0161\u010di\u0173 ir gamtos stichij\u0173 skleid\u017eiami garsai.<\/li>\n<\/ul>\n\n\n\n<ul>\n<li>Jeigu u\u017eklups lietus ar p\u016bga, vaikai gal\u0117s pasisl\u0117pti jaukioje, nedidel\u0117je Me\u0161kiuko Rudnosiuko mi\u0161ko trobel\u0117je. \u010cia j\u0173 lauks ne tik Rudnosien\u0117s palikti skanumynai virtuv\u0117l\u0117je, bet ir nauj\u0173 draug\u0173 ie\u0161kantis Me\u0161kiukas Rudnosiukas.<\/li>\n<\/ul>\n\n\n\n<ul>\n<li>Rudnosiukas ma\u017eiesiems draugams paruo\u0161\u0117 tris smagias u\u017eduotis \u2013 surinkti mi\u0161ke i\u0161dygusius valgomus grybus, sulipdyti bitu\u010di\u0173 kor\u012f ir i\u0161virti i\u0161alkusiam Rudnosiukui gard\u017eios ko\u0161yt\u0117s.<\/li>\n<\/ul>\n\n\n\n<ul>\n<li>O kur dar lentyna pilna pliu\u0161ini\u0173 \u017eaisl\u0173, interaktyvi\u0173 ir radijo bangomis valdom\u0173 \u017eaisl\u0173, konstruktori\u0173, sensorini\u0173 veikl\u0173&#8230;<\/li>\n<\/ul>\n\n\n\n<p>Vaiku\u010dius palyd\u0117j\u0119 t\u0117veliai taip pat laukiami ir kvie\u010diami \u012fsitraukti \u012f Me\u0161kiuko Rudnosiuko paruo\u0161tas linksmybes. Kaip Vyt\u0117s Nemun\u0117lio eiliuota pasaka \u201eMe\u0161kiukas Rudnosiukas\u201c skirta visai \u0161eimai, taip ir vaik\u0173 \u017eaidim\u0173 kambarys atviras visiems muziejaus lankytojams.<\/p>\n\n\n\n<p>Iki susitikim\u0173 \u201eMe\u0161kiuko Rudnosiuko trobel\u0117je!\u201d<\/p>\n\n\n\n<h5>Papildoma informacija<\/h5>\n\n\n\n<p>Bilietas \u012f vaik\u0173 \u017eaidim\u0173 kambar\u012f \u2013 <strong>3 Eur\/vaik.<\/strong><\/p>\n\n\n\n<p>Apsilankyti Me\u0161kiuko Rudnosiuko trobel\u0117je galima muziejaus darbo metu.<\/p>\n\n\n\n<p>Vaik\u0173 \u017eaidim\u0173 kambarys orientuotas \u012f 2\u20137 met\u0173 ma\u017euosius muziejaus lankytojus.<\/p>\n\n\n\n<p>\u017daidim\u0173 kambar\u012f galima u\u017esisakyti vaik\u0173 gimtadieniams ir kitoms asmenin\u0117ms \u0161vent\u0117ms.<\/p>\n\n\n\n<p>Didesn\u0117s vaik\u0173 grup\u0117s kvie\u010diamos i\u0161 anksto prane\u0161ti apie apsilankym\u0105 tel. +370&nbsp;618 85272.<\/p>\n","protected":false},"excerpt":{"rendered":"<p>\u201eMe\u0161kiuko Rudnosiuko trobel\u0117\u201c Ar pamenate nuotaiking\u0105, jaukumo ir verting\u0173 pamok\u0173 kupin\u0105 kra\u0161tie\u010dio Bernardo Brazd\u017eionio, vaikams \u017einomo Vyt\u0117s Nemun\u0117lio slapyvard\u017eiu, poem\u0105 \u201eMe\u0161kiukas Rudnosiukas\u201c? Vieniems ji sukelia brangius vaikyst\u0117s prisiminimus, kitiems vis dar yra skaitomiausia knygel\u0117. Nevert\u0117t\u0173 nusiminti ir negird\u0117jusiems gra\u017eiosios me\u0161kin\u0173 Rudnosi\u0173 \u0161eimos istorijos. J\u0105 tikrai i\u0161girs kiekvienas apsilank\u0119s muziejuje veikian\u010diame vaik\u0173 \u017eaidim\u0173 kambaryje \u201eMe\u0161kiuko Rudnosiuko trobel\u0117\u201c. Ma\u017eiesiems muziejaus lankytojams atvykus \u012f vaik\u0173 \u017eaidim\u0173 kambar\u012f \u201eMe\u0161kiuko Rudnosiuko trobel\u0117\u201c li\u016bdna tikrai nebus! Vaiku\u010dius palyd\u0117j\u0119 t\u0117veliai taip pat laukiami ir kvie\u010diami \u012fsitraukti \u012f Me\u0161kiuko Rudnosiuko paruo\u0161tas linksmybes. Kaip Vyt\u0117s Nemun\u0117lio eiliuota pasaka \u201eMe\u0161kiukas Rudnosiukas\u201c skirta visai \u0161eimai, taip ir vaik\u0173 \u017eaidim\u0173 kambarys atviras&#8230;<\/p>\n","protected":false},"author":1,"featured_media":4364,"parent":0,"menu_order":0,"comment_status":"closed","ping_status":"closed","template":"","meta":[],"translation":{"provider":"WPGlobus","version":"2.10.8","language":"en","enabled_languages":["lt","en"],"languages":{"lt":{"title":true,"content":true,"excerpt":false},"en":{"title":false,"content":false,"excerpt":false}}},"_links":{"self":[{"href":"https:\/\/muziejus.visitpasvalys.lt\/en\/wp-json\/wp\/v2\/pages\/4363"}],"collection":[{"href":"https:\/\/muziejus.visitpasvalys.lt\/en\/wp-json\/wp\/v2\/pages"}],"about":[{"href":"https:\/\/muziejus.visitpasvalys.lt\/en\/wp-json\/wp\/v2\/types\/page"}],"author":[{"embeddable":true,"href":"https:\/\/muziejus.visitpasvalys.lt\/en\/wp-json\/wp\/v2\/users\/1"}],"replies":[{"embeddable":true,"href":"https:\/\/muziejus.visitpasvalys.lt\/en\/wp-json\/wp\/v2\/comments?post=4363"}],"version-history":[{"count":2,"href":"https:\/\/muziejus.visitpasvalys.lt\/en\/wp-json\/wp\/v2\/pages\/4363\/revisions"}],"predecessor-version":[{"id":4370,"href":"https:\/\/muziejus.visitpasvalys.lt\/en\/wp-json\/wp\/v2\/pages\/4363\/revisions\/4370"}],"wp:featuredmedia":[{"embeddable":true,"href":"https:\/\/muziejus.visitpasvalys.lt\/en\/wp-json\/wp\/v2\/media\/4364"}],"wp:attachment":[{"href":"https:\/\/muziejus.visitpasvalys.lt\/en\/wp-json\/wp\/v2\/media?parent=4363"}],"curies":[{"name":"wp","href":"https:\/\/api.w.org\/{rel}","templated":true}]}}